{"id":2,"date":"2026-02-23T14:46:07","date_gmt":"2026-02-23T14:46:07","guid":{"rendered":"http:\/\/alltforhonom.se\/?page_id=2"},"modified":"2026-02-25T15:31:34","modified_gmt":"2026-02-25T15:31:34","slug":"oswald-och-biddy","status":"publish","type":"page","link":"http:\/\/alltforhonom.se\/start\/oswald-och-biddy\/","title":{"rendered":"Om Oswald och Biddy Chambers"},"content":{"rendered":"\n<figure class=\"wp-block-image\"><img decoding=\"async\" src=\"https:\/\/alltforhonom.se\/wp-content\/uploads\/2026\/02\/oswald-chambers-daughter-kathleen-1024x483.webp\" alt=\"Den nuvarande bilden har ingen alternativ text. Filnamnet \u00e4r: oswald-chambers-daughter-kathleen.webp\"\/><\/figure>\n\n\n\n<p>Det finns f\u00e5 litter\u00e4ra samarbeten som har haft en s\u00e5 genomgripande effekt p\u00e5 kristen spiritualitet som det mellan den skotske predikanten Oswald Chambers och hans hustru Gertrude \u201dBiddy\u201d Chambers. Utan Biddys flitiga anteckningsblock hade v\u00e4rlden aldrig h\u00f6rt talas om klassikern Allt f\u00f6r Honom (My Utmost for His Highest).<\/p>\n\n\n\n<p><strong>Ett partnerskap f\u00f6ds<\/strong><\/p>\n\n\n\n<p>Oswald Chambers f\u00f6ddes 1874 och blev k\u00e4nd som en karismatisk och djupsinnig talare. \u00c5r 1910 gifte han sig med Gertrude Hobbs, som han k\u00e4rleksfullt kallade f\u00f6r \u201dBiddy\u201d (en f\u00f6rkortning av <em>Beloved Disciple<\/em>, den \u00e4lskade l\u00e4rjungen).<\/p>\n\n\n\n<p>Biddy var en mycket skicklig stenograf, utbildad f\u00f6r att arbeta i r\u00e4ttssalar. Hon kunde skriva otroliga 250 ord i minuten \u2013 snabbare \u00e4n de flesta m\u00e4nniskor talar. N\u00e4r paret startade Bible Training College i London 1911, satt Biddy alltid l\u00e4ngst bak i klassrummet. Medan Oswald undervisade, antecknade hon vartenda ord han sa ordagrant.<\/p>\n\n\n\n<p><strong>Tiden i Egypten och tragedin<\/strong><\/p>\n\n\n\n<p>N\u00e4r f\u00f6rsta v\u00e4rldskriget br\u00f6t ut st\u00e4ngdes skolan. Oswald k\u00e4nde sig kallad att tj\u00e4na som f\u00e4ltpastor f\u00f6r det brittiska samv\u00e4ldets trupper. \u00c5r 1915 flyttade familjen till Egypten, d\u00e4r de arbetade i Zeitoun-l\u00e4gret utanf\u00f6r Kairo.<\/p>\n\n\n\n<p>Under stekande sol och i primitiva t\u00e4lt fortsatte Oswald att predika f\u00f6r soldaterna, och Biddy fortsatte att f\u00f6ra sina anteckningar. Men 1917 slog tragedin till. Oswald drabbades av en brusten blindtarm och dog ov\u00e4ntat, endast 43 \u00e5r gammal. Biddy l\u00e4mnades kvar i Egypten som \u00e4nka med deras unga dotter, Kathleen.<\/p>\n\n\n\n<p><strong>Biddys livsverk<\/strong><\/p>\n\n\n\n<p>M\u00e5nga trodde att Oswalds r\u00f6st tystnat f\u00f6r gott, men Biddy s\u00e5g det annorlunda. Hon betraktade sina stenograferade block som ett heligt f\u00f6rtroende. Trots att hon saknade pengar stannade hon kvar i Egypten ett tag f\u00f6r att forts\u00e4tta tj\u00e4na soldaterna, innan hon \u00e5terv\u00e4nde till England.<\/p>\n\n\n\n<p>Resten av sitt liv \u00e4gnade hon \u00e5t \u201db\u00f6ckernas arbete\u201d. Hon renskrev, redigerade och sammanst\u00e4llde Oswalds f\u00f6rel\u00e4sningar till \u00f6ver 30 b\u00f6cker. \u00c5r 1927 publicerade hon <em>My Utmost for His Highest<\/em>. Boken blev en omedelbar succ\u00e9, men Biddy valde att aldrig s\u00e4tta sitt eget namn p\u00e5 omslaget. Hon tog heller aldrig ut n\u00e5gon vinst f\u00f6r egen del, utan l\u00e4t pengarna g\u00e5 direkt till att trycka nya upplagor och b\u00f6cker.<\/p>\n\n\n\n<p><strong>Ett arv f\u00f6r efterv\u00e4rlden<\/strong><\/p>\n\n\n\n<p>Biddy Chambers dog 1966, 83 \u00e5r gammal. Det var f\u00f6rst efter hennes d\u00f6d som omv\u00e4rlden till fullo f\u00f6rstod vidden av hennes arbete. Utan hennes unika f\u00f6rm\u00e5ga att f\u00e5nga talat ord p\u00e5 papper hade Oswald Chambers l\u00e4ror g\u00e5tt f\u00f6rlorade i historiens vingslag.<\/p>\n\n\n\n<p>Idag har deras gemensamma livsverk \u00f6versatts till \u00f6ver 40 spr\u00e5k och forts\u00e4tter att inspirera miljoner m\u00e4nniskor v\u00e4rlden \u00f6ver \u2013 ett bevis p\u00e5 kraften i ett tyst, troget partnerskap.<\/p>\n\n\n\n<p><a href=\"\/\">Tillbaka till startsidan<\/a><\/p>\n","protected":false},"excerpt":{"rendered":"<p>Det finns f\u00e5 litter\u00e4ra samarbeten som har haft en s\u00e5 genomgripande effekt p\u00e5 kristen spiritualitet som det mellan den skotske predikanten Oswald Chambers och hans hustru Gertrude \u201dBiddy\u201d Chambers. Utan [&hellip;]<\/p>\n","protected":false},"author":1,"featured_media":22,"parent":0,"menu_order":0,"comment_status":"closed","ping_status":"closed","template":"template-page-w-hero","meta":{"_EventAllDay":false,"_EventTimezone":"","_EventStartDate":"","_EventEndDate":"","_EventStartDateUTC":"","_EventEndDateUTC":"","_EventShowMap":false,"_EventShowMapLink":false,"_EventURL":"","_EventCost":"","_EventCostDescription":"","_EventCurrencySymbol":"","_EventCurrencyCode":"","_EventCurrencyPosition":"","_EventDateTimeSeparator":"","_EventTimeRangeSeparator":"","_EventOrganizerID":[],"_EventVenueID":[],"_OrganizerEmail":"","_OrganizerPhone":"","_OrganizerWebsite":"","_VenueAddress":"","_VenueCity":"","_VenueCountry":"","_VenueProvince":"","_VenueState":"","_VenueZip":"","_VenuePhone":"","_VenueURL":"","_VenueStateProvince":"","_VenueLat":"","_VenueLng":"","_VenueShowMap":false,"_VenueShowMapLink":false,"footnotes":""},"class_list":["post-2","page","type-page","status-publish","has-post-thumbnail","hentry"],"_links":{"self":[{"href":"http:\/\/alltforhonom.se\/start\/wp-json\/wp\/v2\/pages\/2","targetHints":{"allow":["GET"]}}],"collection":[{"href":"http:\/\/alltforhonom.se\/start\/wp-json\/wp\/v2\/pages"}],"about":[{"href":"http:\/\/alltforhonom.se\/start\/wp-json\/wp\/v2\/types\/page"}],"author":[{"embeddable":true,"href":"http:\/\/alltforhonom.se\/start\/wp-json\/wp\/v2\/users\/1"}],"replies":[{"embeddable":true,"href":"http:\/\/alltforhonom.se\/start\/wp-json\/wp\/v2\/comments?post=2"}],"version-history":[{"count":10,"href":"http:\/\/alltforhonom.se\/start\/wp-json\/wp\/v2\/pages\/2\/revisions"}],"predecessor-version":[{"id":101,"href":"http:\/\/alltforhonom.se\/start\/wp-json\/wp\/v2\/pages\/2\/revisions\/101"}],"wp:featuredmedia":[{"embeddable":true,"href":"http:\/\/alltforhonom.se\/start\/wp-json\/wp\/v2\/media\/22"}],"wp:attachment":[{"href":"http:\/\/alltforhonom.se\/start\/wp-json\/wp\/v2\/media?parent=2"}],"curies":[{"name":"wp","href":"https:\/\/api.w.org\/{rel}","templated":true}]}}